{"id":532,"date":"2022-08-12T08:49:30","date_gmt":"2022-08-12T06:49:30","guid":{"rendered":"https:\/\/elke-lauffer.com\/?page_id=532"},"modified":"2024-05-09T14:31:04","modified_gmt":"2024-05-09T12:31:04","slug":"impressum","status":"publish","type":"page","link":"https:\/\/elke-lauffer.com\/start\/impressum\/","title":{"rendered":"Mentions l\u00e9gales"},"content":{"rendered":"<p>[et_pb_section fb_built=&#8220;1&#8243; _builder_version=&#8220;4.17.4&#8243; _module_preset=&#8220;default&#8220; global_colors_info=&#8220;{}&#8220;][et_pb_row _builder_version=&#8220;4.17.4&#8243; _module_preset=&#8220;default&#8220; global_colors_info=&#8220;{}&#8220;][et_pb_column type=&#8220;4_4&#8243; _builder_version=&#8220;4.17.4&#8243; _module_preset=&#8220;default&#8220; global_colors_info=&#8220;{}&#8220;][et_pb_blurb _builder_version=&#8220;4.25.0&#8243; _module_preset=&#8220;default&#8220; header_level=&#8220;h2&#8243; header_font=&#8220;Open Sans||||||||&#8220; body_font=&#8220;Open Sans||||||||&#8220; body_text_align=&#8220;left&#8220; body_text_color=&#8220;#000000&#8243; custom_padding=&#8220;12px|||||&#8220; global_colors_info=&#8220;{}&#8220;]<\/p>\n<div class=\"p-4 bg-background-blue max-h-[50vh] overflow-x-hidden overflow-y-auto\">\n<p>&nbsp;<\/p>\n<div class=\"html-preview\">\n<h2>Mentions l\u00e9gales<\/h2>\n<div id=\"bgLayers_comp-ljwqzsak\" data-hook=\"bgLayers\" data-motion-part=\"BG_LAYER\" class=\"MW5IWV\">\n<div id=\"bgMedia_comp-ljwqzsak\" data-motion-part=\"BG_MEDIA\" class=\"VgO9Yg\"><span class=\"wixui-rich-text__text\"><b>Propri\u00e9taire du site<\/b> : <\/span><\/div>\n<div data-motion-part=\"BG_MEDIA\" class=\"VgO9Yg\"><\/div>\n<div data-motion-part=\"BG_MEDIA\" class=\"VgO9Yg\">\n<p>Elke Lauffer<br \/>11bis Rue Maurice Ravel<br \/>38320 Poisat<\/p>\n<p><strong>Contact<\/strong><\/p>\n<\/div>\n<\/div>\n<p>T\u00e9l\u00e9phone: 07 49 00 72 19<br \/>E-Mail: info@elke-lauffer.com<\/p>\n<p class=\"font_8 wixui-rich-text__text\"><span class=\"wixui-rich-text__text\"><strong>Statut juridique :<\/strong> Micro-entrepreneuse et ind\u00e9pendante<\/span><\/p>\n<p class=\"font_8 wixui-rich-text__text\"><strong><span class=\"wixui-rich-text__text\">Num\u00e9ro de SIRET : <br \/><\/span><\/strong>\u202d88343738600013\u202c<\/p>\n<p class=\"font_8 wixui-rich-text__text\"><strong><span class=\"wixui-rich-text__text\">NUM\u00c9RO D&#8217;IDENTIFICATION TVA :<br \/><\/span><\/strong><span class=\"wixui-rich-text__text\">FR 85883437386<\/span><\/p>\n<p><strong>Responsable \u00e9ditorial :<\/strong><br \/>Elke Lauffer<br \/>11bis Rue Maurice Ravel<br \/>38320 Poisat<\/p>\n<p><strong>Sources des images et informations sur les droits d&#8217;auteur :<\/strong><br \/>Photos : Inka Reiter, Lara Jankovic, Elke Lauffer<br \/><a href=\"http:\/\/www.unsplash.com\"> www.unsplash.com<\/a><br \/>www.canva.com<\/p>\n<p><strong><span>H\u00e9bergeur : <\/span><\/strong>Ce site est h\u00e9berg\u00e9 par https:\/\/wordpress.com\/<\/p>\n<p>Le contenu de ce site, y compris les textes, images, vid\u00e9os et autres \u00e9l\u00e9ments, est prot\u00e9g\u00e9 par le droit d&#8217;auteur et est la propri\u00e9t\u00e9 exclusive d&#8217;Elke Lauffer, sauf indication contraire. Toute reproduction, distribution, modification ou utilisation du contenu sans autorisation \u00e9crite pr\u00e9alable de l&#8217;auteur est strictement interdite.<\/p>\n<p><strong>Liens externes<\/strong> : Ce site peut contenir des liens vers des sites web de tiers. Elke Lauffer n&#8217;assume aucune responsabilit\u00e9 quant au contenu de ces sites externes. Les liens sont fournis uniquement \u00e0 titre informatif et n&#8217;impliquent pas une approbation de ces sites.<\/p>\n<p>&nbsp;<\/p>\n<\/div>\n<\/div>\n<p><strong><\/strong><\/p>\n<p>[\/et_pb_blurb][\/et_pb_column][\/et_pb_row][\/et_pb_section]<\/p>\n","protected":false},"excerpt":{"rendered":"<p>&nbsp; Mentions l\u00e9gales Propri\u00e9taire du site : Elke Lauffer11bis Rue Maurice Ravel38320 Poisat Contact T\u00e9l\u00e9phone: 07 49 00 72 19E-Mail: info@elke-lauffer.com Statut juridique : Micro-entrepreneuse et ind\u00e9pendante Num\u00e9ro de SIRET : \u202d88343738600013\u202c NUM\u00c9RO D&#8217;IDENTIFICATION TVA :FR 85883437386 Responsable \u00e9ditorial :Elke Lauffer11bis Rue Maurice Ravel38320 Poisat Sources des images et informations sur les droits d&#8217;auteur :Photos [&hellip;]<\/p>\n","protected":false},"author":1,"featured_media":0,"parent":0,"menu_order":0,"comment_status":"closed","ping_status":"closed","template":"","meta":{"_et_pb_use_builder":"on","_et_pb_old_content":"","_et_gb_content_width":"","_sitemap_exclude":false,"_sitemap_priority":"","_sitemap_frequency":"","footnotes":""},"class_list":["post-532","page","type-page","status-publish","hentry"],"yoast_head":"<!-- This site is optimized with the Yoast SEO plugin v27.5 - https:\/\/yoast.com\/product\/yoast-seo-wordpress\/ -->\n<title>Mentions l\u00e9gales - Elke Lauffer<\/title>\n<meta name=\"robots\" content=\"index, follow, max-snippet:-1, max-image-preview:large, max-video-preview:-1\" \/>\n<link rel=\"canonical\" href=\"https:\/\/elke-lauffer.com\/start\/impressum\/\" \/>\n<meta property=\"og:locale\" content=\"de_DE\" \/>\n<meta property=\"og:type\" content=\"article\" \/>\n<meta property=\"og:title\" content=\"Mentions l\u00e9gales - Elke Lauffer\" \/>\n<meta property=\"og:description\" content=\"&nbsp; Mentions l\u00e9gales Propri\u00e9taire du site : Elke Lauffer11bis Rue Maurice Ravel38320 Poisat Contact T\u00e9l\u00e9phone: 07 49 00 72 19E-Mail: info@elke-lauffer.com Statut juridique : Micro-entrepreneuse et ind\u00e9pendante Num\u00e9ro de SIRET : \u202d88343738600013\u202c NUM\u00c9RO D&#039;IDENTIFICATION TVA :FR 85883437386 Responsable \u00e9ditorial :Elke Lauffer11bis Rue Maurice Ravel38320 Poisat Sources des images et informations sur les droits d&#039;auteur :Photos [&hellip;]\" \/>\n<meta property=\"og:url\" content=\"https:\/\/elke-lauffer.com\/start\/impressum\/\" \/>\n<meta property=\"og:site_name\" content=\"Elke Lauffer\" \/>\n<meta property=\"article:modified_time\" content=\"2024-05-09T12:31:04+00:00\" \/>\n<meta name=\"twitter:card\" content=\"summary_large_image\" \/>\n<meta name=\"twitter:label1\" content=\"Gesch\u00e4tzte Lesezeit\" \/>\n\t<meta name=\"twitter:data1\" content=\"1\u00a0Minute\" \/>\n<script type=\"application\/ld+json\" class=\"yoast-schema-graph\">{\"@context\":\"https:\\\/\\\/schema.org\",\"@graph\":[{\"@type\":\"WebPage\",\"@id\":\"https:\\\/\\\/elke-lauffer.com\\\/start\\\/impressum\\\/\",\"url\":\"https:\\\/\\\/elke-lauffer.com\\\/start\\\/impressum\\\/\",\"name\":\"Mentions l\u00e9gales - Elke Lauffer\",\"isPartOf\":{\"@id\":\"https:\\\/\\\/elke-lauffer.com\\\/start\\\/#website\"},\"datePublished\":\"2022-08-12T06:49:30+00:00\",\"dateModified\":\"2024-05-09T12:31:04+00:00\",\"breadcrumb\":{\"@id\":\"https:\\\/\\\/elke-lauffer.com\\\/start\\\/impressum\\\/#breadcrumb\"},\"inLanguage\":\"de\",\"potentialAction\":[{\"@type\":\"ReadAction\",\"target\":[\"https:\\\/\\\/elke-lauffer.com\\\/start\\\/impressum\\\/\"]}]},{\"@type\":\"BreadcrumbList\",\"@id\":\"https:\\\/\\\/elke-lauffer.com\\\/start\\\/impressum\\\/#breadcrumb\",\"itemListElement\":[{\"@type\":\"ListItem\",\"position\":1,\"name\":\"Startseite\",\"item\":\"https:\\\/\\\/elke-lauffer.com\\\/start\\\/\"},{\"@type\":\"ListItem\",\"position\":2,\"name\":\"Mentions l\u00e9gales\"}]},{\"@type\":\"WebSite\",\"@id\":\"https:\\\/\\\/elke-lauffer.com\\\/start\\\/#website\",\"url\":\"https:\\\/\\\/elke-lauffer.com\\\/start\\\/\",\"name\":\"Elke Lauffer\",\"description\":\"Yoga und Ayurveda\",\"potentialAction\":[{\"@type\":\"SearchAction\",\"target\":{\"@type\":\"EntryPoint\",\"urlTemplate\":\"https:\\\/\\\/elke-lauffer.com\\\/start\\\/?s={search_term_string}\"},\"query-input\":{\"@type\":\"PropertyValueSpecification\",\"valueRequired\":true,\"valueName\":\"search_term_string\"}}],\"inLanguage\":\"de\"}]}<\/script>\n<!-- \/ Yoast SEO plugin. -->","yoast_head_json":{"title":"Mentions l\u00e9gales - Elke Lauffer","robots":{"index":"index","follow":"follow","max-snippet":"max-snippet:-1","max-image-preview":"max-image-preview:large","max-video-preview":"max-video-preview:-1"},"canonical":"https:\/\/elke-lauffer.com\/start\/impressum\/","og_locale":"de_DE","og_type":"article","og_title":"Mentions l\u00e9gales - Elke Lauffer","og_description":"&nbsp; Mentions l\u00e9gales Propri\u00e9taire du site : Elke Lauffer11bis Rue Maurice Ravel38320 Poisat Contact T\u00e9l\u00e9phone: 07 49 00 72 19E-Mail: info@elke-lauffer.com Statut juridique : Micro-entrepreneuse et ind\u00e9pendante Num\u00e9ro de SIRET : \u202d88343738600013\u202c NUM\u00c9RO D'IDENTIFICATION TVA :FR 85883437386 Responsable \u00e9ditorial :Elke Lauffer11bis Rue Maurice Ravel38320 Poisat Sources des images et informations sur les droits d'auteur :Photos [&hellip;]","og_url":"https:\/\/elke-lauffer.com\/start\/impressum\/","og_site_name":"Elke Lauffer","article_modified_time":"2024-05-09T12:31:04+00:00","twitter_card":"summary_large_image","twitter_misc":{"Gesch\u00e4tzte Lesezeit":"1\u00a0Minute"},"schema":{"@context":"https:\/\/schema.org","@graph":[{"@type":"WebPage","@id":"https:\/\/elke-lauffer.com\/start\/impressum\/","url":"https:\/\/elke-lauffer.com\/start\/impressum\/","name":"Mentions l\u00e9gales - Elke Lauffer","isPartOf":{"@id":"https:\/\/elke-lauffer.com\/start\/#website"},"datePublished":"2022-08-12T06:49:30+00:00","dateModified":"2024-05-09T12:31:04+00:00","breadcrumb":{"@id":"https:\/\/elke-lauffer.com\/start\/impressum\/#breadcrumb"},"inLanguage":"de","potentialAction":[{"@type":"ReadAction","target":["https:\/\/elke-lauffer.com\/start\/impressum\/"]}]},{"@type":"BreadcrumbList","@id":"https:\/\/elke-lauffer.com\/start\/impressum\/#breadcrumb","itemListElement":[{"@type":"ListItem","position":1,"name":"Startseite","item":"https:\/\/elke-lauffer.com\/start\/"},{"@type":"ListItem","position":2,"name":"Mentions l\u00e9gales"}]},{"@type":"WebSite","@id":"https:\/\/elke-lauffer.com\/start\/#website","url":"https:\/\/elke-lauffer.com\/start\/","name":"Elke Lauffer","description":"Yoga und Ayurveda","potentialAction":[{"@type":"SearchAction","target":{"@type":"EntryPoint","urlTemplate":"https:\/\/elke-lauffer.com\/start\/?s={search_term_string}"},"query-input":{"@type":"PropertyValueSpecification","valueRequired":true,"valueName":"search_term_string"}}],"inLanguage":"de"}]}},"_links":{"self":[{"href":"https:\/\/elke-lauffer.com\/start\/wp-json\/wp\/v2\/pages\/532","targetHints":{"allow":["GET"]}}],"collection":[{"href":"https:\/\/elke-lauffer.com\/start\/wp-json\/wp\/v2\/pages"}],"about":[{"href":"https:\/\/elke-lauffer.com\/start\/wp-json\/wp\/v2\/types\/page"}],"author":[{"embeddable":true,"href":"https:\/\/elke-lauffer.com\/start\/wp-json\/wp\/v2\/users\/1"}],"replies":[{"embeddable":true,"href":"https:\/\/elke-lauffer.com\/start\/wp-json\/wp\/v2\/comments?post=532"}],"version-history":[{"count":13,"href":"https:\/\/elke-lauffer.com\/start\/wp-json\/wp\/v2\/pages\/532\/revisions"}],"predecessor-version":[{"id":2288,"href":"https:\/\/elke-lauffer.com\/start\/wp-json\/wp\/v2\/pages\/532\/revisions\/2288"}],"wp:attachment":[{"href":"https:\/\/elke-lauffer.com\/start\/wp-json\/wp\/v2\/media?parent=532"}],"curies":[{"name":"wp","href":"https:\/\/api.w.org\/{rel}","templated":true}]}}