{"id":2537,"date":"2025-01-31T17:53:03","date_gmt":"2025-01-31T16:53:03","guid":{"rendered":"https:\/\/elke-lauffer.com\/start\/?page_id=2537"},"modified":"2025-02-01T19:00:38","modified_gmt":"2025-02-01T18:00:38","slug":"atelier","status":"publish","type":"page","link":"https:\/\/elke-lauffer.com\/start\/atelier\/","title":{"rendered":"Atelier"},"content":{"rendered":"<p>[et_pb_section fb_built=&#8220;1&#8243; next_background_color=&#8220;#ffffff&#8220; admin_label=&#8220;Header&#8220; _builder_version=&#8220;4.27.3&#8243; background_image=&#8220;https:\/\/elke-lauffer.com\/wp-content\/uploads\/Atelier-Stage-2.png&#8220; width=&#8220;100%&#8220; min_height=&#8220;585px&#8220; custom_margin=&#8220;0px||0px||false|false&#8220; custom_padding=&#8220;3vw||3vw||true|false&#8220; bottom_divider_style=&#8220;mountains2&#8243; locked=&#8220;off&#8220; global_colors_info=&#8220;{}&#8220;][\/et_pb_section][et_pb_section fb_built=&#8220;1&#8243; admin_label=&#8220;About&#8220; _builder_version=&#8220;4.27.3&#8243; custom_margin=&#8220;12px|||||&#8220; custom_padding=&#8220;22px||97px|||&#8220; bottom_divider_style=&#8220;mountains2&#8243; bottom_divider_color=&#8220;#748b6f&#8220; global_colors_info=&#8220;{}&#8220;][et_pb_row _builder_version=&#8220;4.27.3&#8243; _module_preset=&#8220;default&#8220; global_colors_info=&#8220;{}&#8220;][et_pb_column type=&#8220;4_4&#8243; _builder_version=&#8220;4.27.3&#8243; _module_preset=&#8220;default&#8220; global_colors_info=&#8220;{}&#8220;][et_pb_text _builder_version=&#8220;4.27.3&#8243; _module_preset=&#8220;default&#8220; text_font=&#8220;Open Sans||||||||&#8220; text_text_color=&#8220;#183a1d&#8220; text_font_size=&#8220;20px&#8220; text_orientation=&#8220;center&#8220; custom_padding=&#8220;1px|||||&#8220; global_colors_info=&#8220;{}&#8220;]<\/p>\n<p>Tu souhaites approfondir ta pratique du yoga ou en apprendre davantage ? Tu veux te plonger dans le monde de l&#8217;Ayurveda et d\u00e9couvrir de nouvelles choses pour toi ?<\/p>\n<p><strong>Que tu sois novice ou que tu pratiques le yoga depuis longtemps, je souhaite te proposer quelque chose de vraiment sp\u00e9cial avec mes ateliers et t&#8217;offrir une petite pause dans ton quotidien.<\/strong><\/p>\n<p>Les ateliers peuvent t&#8217;aider \u00e0 d\u00e9velopper tes connaissances. Nous prenons le temps d&#8217;aborder un th\u00e8me pr\u00e9cis en rapport avec le yoga et l&#8217;ayurv\u00e9da.<\/p>\n<p>Tu peux t&#8217;inscrire tr\u00e8s facilement en cliquant sur le bouton orange. <strong>Si tu as encore des questions \u00e0 ce sujet, n&#8217;h\u00e9site pas \u00e0 me contacter <a href=\"mailto:info@atha-yoga.eu\" target=\"_blank\" rel=\"noopener\">par e-mail.<\/a><\/strong><strong><\/strong><strong><\/strong><\/p>\n<p><strong><\/strong><\/p>\n<p>[\/et_pb_text][\/et_pb_column][\/et_pb_row][et_pb_row _builder_version=&#8220;4.27.3&#8243; _module_preset=&#8220;default&#8220; global_colors_info=&#8220;{}&#8220;][et_pb_column type=&#8220;4_4&#8243; _builder_version=&#8220;4.27.3&#8243; _module_preset=&#8220;default&#8220; global_colors_info=&#8220;{}&#8220;][et_pb_divider divider_weight=&#8220;2px&#8220; _builder_version=&#8220;4.27.3&#8243; _module_preset=&#8220;default&#8220; module_alignment=&#8220;center&#8220; animation_style=&#8220;roll&#8220; global_colors_info=&#8220;{}&#8220;][\/et_pb_divider][\/et_pb_column][\/et_pb_row][et_pb_row column_structure=&#8220;1_2,1_2&#8243; _builder_version=&#8220;4.27.3&#8243; locked=&#8220;off&#8220; global_colors_info=&#8220;{}&#8220;][et_pb_column type=&#8220;1_2&#8243; _builder_version=&#8220;4.27.3&#8243; global_colors_info=&#8220;{}&#8220;][et_pb_blurb image=&#8220;https:\/\/elke-lauffer.com\/wp-content\/uploads\/Weiss-Minimalistisch-Elegant-Vielen-Dank-Bestellung-Karte-4.png&#8220; image_icon_width=&#8220;100%&#8220; content_max_width=&#8220;800px&#8220; _builder_version=&#8220;4.27.3&#8243; _module_preset=&#8220;default&#8220; header_level=&#8220;h2&#8243; header_font=&#8220;Caveat||||||||&#8220; header_text_align=&#8220;left&#8220; header_text_color=&#8220;#183a1d&#8220; header_font_size=&#8220;50px&#8220; body_font=&#8220;Open Sans||||||||&#8220; body_text_color=&#8220;#183a1d&#8220; body_font_size=&#8220;18px&#8220; module_alignment=&#8220;center&#8220; global_colors_info=&#8220;{}&#8220;][\/et_pb_blurb][et_pb_text _builder_version=&#8220;4.27.3&#8243; _module_preset=&#8220;default&#8220; text_font=&#8220;Open Sans||||||||&#8220; text_text_color=&#8220;#183a1d&#8220; text_font_size=&#8220;20px&#8220; text_line_height=&#8220;1.9em&#8220; global_colors_info=&#8220;{}&#8220;]<\/p>\n<p><strong>Date: 29.03.2025<br \/><\/strong><strong>Horaire: 9h30 \u2013 12h \/ 12h30<br \/><\/strong><strong>Lieu: Happy Shala, 6 Rue Voltaire, Grenoble<br \/><\/strong><strong>Tarif: \u20ac 40<\/strong><\/p>\n<p>[\/et_pb_text][et_pb_button button_url=&#8220;mailto:info@atha-yoga.eu&#8220; url_new_window=&#8220;on&#8220; button_text=&#8220;Je r\u00e9serve ma place&#8220; button_alignment=&#8220;center&#8220; _builder_version=&#8220;4.27.3&#8243; _module_preset=&#8220;default&#8220; custom_button=&#8220;on&#8220; button_bg_color=&#8220;#f46500&#8243; button_border_width=&#8220;6px&#8220; button_border_color=&#8220;#f46500&#8243; button_border_radius=&#8220;6px&#8220; button_letter_spacing=&#8220;2px&#8220; button_font=&#8220;Open Sans|700|||||||&#8220; button_icon=&#8220;&#xf061;||fa||900&#8243; button_icon_color=&#8220;#000000&#8243; custom_margin=&#8220;26px||||false|false&#8220; custom_padding=&#8220;8px||8px|15px|false|false&#8220; global_colors_info=&#8220;{}&#8220;][\/et_pb_button][\/et_pb_column][et_pb_column type=&#8220;1_2&#8243; _builder_version=&#8220;4.27.3&#8243; global_colors_info=&#8220;{}&#8220;][et_pb_text _builder_version=&#8220;4.27.3&#8243; _module_preset=&#8220;default&#8220; text_font=&#8220;Open Sans||||||||&#8220; text_text_color=&#8220;#183a1d&#8220; text_font_size=&#8220;18px&#8220; global_colors_info=&#8220;{}&#8220;]<\/p>\n<p class=\"\">Le passage de l&#8217;hiver au printemps est souvent difficile sur le plan physique. <strong>L&#8217;Ayurveda a quelques conseils \u00e0 proposer pour y rem\u00e9dier.<\/strong><\/p>\n<p class=\"\">La lumi\u00e8re du soleil, plus longue et plus forte, est \u00e9galement un bienfait pour nous, mais nous nous sentons souvent encore ternes et abattus par l&#8217;hiver. C&#8217;est l\u00e0 que la sagesse de l&#8217;ayurv\u00e9da peut nous aider \u00e0 retrouver l&#8217;\u00e9quilibre.<\/p>\n<p class=\"\"><strong>Le printemps est la p\u00e9riode id\u00e9ale pour un nettoyage ayurv\u00e9dique doux.<\/strong> Cela nous permet d&#8217;\u00e9liminer les toxines, l&#8217;ama, qui se sont accumul\u00e9es dans notre corps au cours de l&#8217;hiver. Un nettoyage ayurvedique est un moyen simple d&#8217;entretenir notre sant\u00e9 et de prot\u00e9ger notre bien-\u00eatre pour les mois \u00e0 venir et au-del\u00e0.<\/p>\n<p class=\"\">Tu apprendras dans mon atelier comment cela fonctionne exactement et comment tu peux soutenir ton corps et comment relancer ton feu digestif, l&#8217;Agni.<\/p>\n<p class=\"\"><strong>Avantages d&#8217;un nettoyage de printemps ayurv\u00e9dique :<\/strong><\/p>\n<p class=\"\" id=\"yui_3_17_2_1_1738332490684_5560\">o\u00a0\u00a0\u00a0Favorise l&#8217;\u00e9limination des toxines de l&#8217;organisme<br \/>o\u00a0\u00a0\u00a0Augmente l&#8217;\u00e9nergie et la vitalit\u00e9<br \/>o\u00a0\u00a0\u00a0D\u00e9tend le syst\u00e8me nerveux et apaise l&#8217;esprit<br \/>o\u00a0\u00a0\u00a0Contribue \u00e0 r\u00e9tablir l&#8217;\u00e9quilibre naturel<br \/>o\u00a0\u00a0\u00a0Favorise une sant\u00e9 et un bien-\u00eatre optimaux<\/p>\n<p class=\"\" id=\"yui_3_17_2_1_1738332490684_5558\">L&#8217;ayurv\u00e9da recommande \u00e9galement d&#8217;int\u00e9grer beaucoup d&#8217;exercices physiques au printemps, que ce soit dans la nature ou sur le tapis de yoga. <strong>Nous terminerons cet atelier par un beau flow comprenant des rotations et des kriyas (techniques de purification).<\/strong><\/p>\n<p class=\"\">[\/et_pb_text][\/et_pb_column][\/et_pb_row][\/et_pb_section]<\/p>\n","protected":false},"excerpt":{"rendered":"<p>Tu souhaites approfondir ta pratique du yoga ou en apprendre davantage ? Tu veux te plonger dans le monde de l&#8217;Ayurveda et d\u00e9couvrir de nouvelles choses pour toi ? Que tu sois novice ou que tu pratiques le yoga depuis longtemps, je souhaite te proposer quelque chose de vraiment sp\u00e9cial avec mes ateliers et t&#8217;offrir [&hellip;]<\/p>\n","protected":false},"author":1,"featured_media":0,"parent":0,"menu_order":0,"comment_status":"closed","ping_status":"closed","template":"","meta":{"_et_pb_use_builder":"on","_et_pb_old_content":"","_et_gb_content_width":"","_sitemap_exclude":false,"_sitemap_priority":"","_sitemap_frequency":"","footnotes":""},"class_list":["post-2537","page","type-page","status-publish","hentry"],"yoast_head":"<!-- This site is optimized with the Yoast SEO plugin v27.5 - https:\/\/yoast.com\/product\/yoast-seo-wordpress\/ -->\n<title>Atelier - Elke Lauffer<\/title>\n<meta name=\"robots\" content=\"index, follow, max-snippet:-1, max-image-preview:large, max-video-preview:-1\" \/>\n<link rel=\"canonical\" href=\"https:\/\/elke-lauffer.com\/start\/atelier\/\" \/>\n<meta property=\"og:locale\" content=\"de_DE\" \/>\n<meta property=\"og:type\" content=\"article\" \/>\n<meta property=\"og:title\" content=\"Atelier - Elke Lauffer\" \/>\n<meta property=\"og:description\" content=\"Tu souhaites approfondir ta pratique du yoga ou en apprendre davantage ? Tu veux te plonger dans le monde de l&#039;Ayurveda et d\u00e9couvrir de nouvelles choses pour toi ? Que tu sois novice ou que tu pratiques le yoga depuis longtemps, je souhaite te proposer quelque chose de vraiment sp\u00e9cial avec mes ateliers et t&#039;offrir [&hellip;]\" \/>\n<meta property=\"og:url\" content=\"https:\/\/elke-lauffer.com\/start\/atelier\/\" \/>\n<meta property=\"og:site_name\" content=\"Elke Lauffer\" \/>\n<meta property=\"article:modified_time\" content=\"2025-02-01T18:00:38+00:00\" \/>\n<meta name=\"twitter:card\" content=\"summary_large_image\" \/>\n<meta name=\"twitter:label1\" content=\"Gesch\u00e4tzte Lesezeit\" \/>\n\t<meta name=\"twitter:data1\" content=\"3\u00a0Minuten\" \/>\n<script type=\"application\/ld+json\" class=\"yoast-schema-graph\">{\"@context\":\"https:\\\/\\\/schema.org\",\"@graph\":[{\"@type\":\"WebPage\",\"@id\":\"https:\\\/\\\/elke-lauffer.com\\\/start\\\/atelier\\\/\",\"url\":\"https:\\\/\\\/elke-lauffer.com\\\/start\\\/atelier\\\/\",\"name\":\"Atelier - Elke Lauffer\",\"isPartOf\":{\"@id\":\"https:\\\/\\\/elke-lauffer.com\\\/start\\\/#website\"},\"datePublished\":\"2025-01-31T16:53:03+00:00\",\"dateModified\":\"2025-02-01T18:00:38+00:00\",\"breadcrumb\":{\"@id\":\"https:\\\/\\\/elke-lauffer.com\\\/start\\\/atelier\\\/#breadcrumb\"},\"inLanguage\":\"de\",\"potentialAction\":[{\"@type\":\"ReadAction\",\"target\":[\"https:\\\/\\\/elke-lauffer.com\\\/start\\\/atelier\\\/\"]}]},{\"@type\":\"BreadcrumbList\",\"@id\":\"https:\\\/\\\/elke-lauffer.com\\\/start\\\/atelier\\\/#breadcrumb\",\"itemListElement\":[{\"@type\":\"ListItem\",\"position\":1,\"name\":\"Startseite\",\"item\":\"https:\\\/\\\/elke-lauffer.com\\\/start\\\/\"},{\"@type\":\"ListItem\",\"position\":2,\"name\":\"Atelier\"}]},{\"@type\":\"WebSite\",\"@id\":\"https:\\\/\\\/elke-lauffer.com\\\/start\\\/#website\",\"url\":\"https:\\\/\\\/elke-lauffer.com\\\/start\\\/\",\"name\":\"Elke Lauffer\",\"description\":\"Yoga und Ayurveda\",\"potentialAction\":[{\"@type\":\"SearchAction\",\"target\":{\"@type\":\"EntryPoint\",\"urlTemplate\":\"https:\\\/\\\/elke-lauffer.com\\\/start\\\/?s={search_term_string}\"},\"query-input\":{\"@type\":\"PropertyValueSpecification\",\"valueRequired\":true,\"valueName\":\"search_term_string\"}}],\"inLanguage\":\"de\"}]}<\/script>\n<!-- \/ Yoast SEO plugin. -->","yoast_head_json":{"title":"Atelier - Elke Lauffer","robots":{"index":"index","follow":"follow","max-snippet":"max-snippet:-1","max-image-preview":"max-image-preview:large","max-video-preview":"max-video-preview:-1"},"canonical":"https:\/\/elke-lauffer.com\/start\/atelier\/","og_locale":"de_DE","og_type":"article","og_title":"Atelier - Elke Lauffer","og_description":"Tu souhaites approfondir ta pratique du yoga ou en apprendre davantage ? Tu veux te plonger dans le monde de l'Ayurveda et d\u00e9couvrir de nouvelles choses pour toi ? Que tu sois novice ou que tu pratiques le yoga depuis longtemps, je souhaite te proposer quelque chose de vraiment sp\u00e9cial avec mes ateliers et t'offrir [&hellip;]","og_url":"https:\/\/elke-lauffer.com\/start\/atelier\/","og_site_name":"Elke Lauffer","article_modified_time":"2025-02-01T18:00:38+00:00","twitter_card":"summary_large_image","twitter_misc":{"Gesch\u00e4tzte Lesezeit":"3\u00a0Minuten"},"schema":{"@context":"https:\/\/schema.org","@graph":[{"@type":"WebPage","@id":"https:\/\/elke-lauffer.com\/start\/atelier\/","url":"https:\/\/elke-lauffer.com\/start\/atelier\/","name":"Atelier - Elke Lauffer","isPartOf":{"@id":"https:\/\/elke-lauffer.com\/start\/#website"},"datePublished":"2025-01-31T16:53:03+00:00","dateModified":"2025-02-01T18:00:38+00:00","breadcrumb":{"@id":"https:\/\/elke-lauffer.com\/start\/atelier\/#breadcrumb"},"inLanguage":"de","potentialAction":[{"@type":"ReadAction","target":["https:\/\/elke-lauffer.com\/start\/atelier\/"]}]},{"@type":"BreadcrumbList","@id":"https:\/\/elke-lauffer.com\/start\/atelier\/#breadcrumb","itemListElement":[{"@type":"ListItem","position":1,"name":"Startseite","item":"https:\/\/elke-lauffer.com\/start\/"},{"@type":"ListItem","position":2,"name":"Atelier"}]},{"@type":"WebSite","@id":"https:\/\/elke-lauffer.com\/start\/#website","url":"https:\/\/elke-lauffer.com\/start\/","name":"Elke Lauffer","description":"Yoga und Ayurveda","potentialAction":[{"@type":"SearchAction","target":{"@type":"EntryPoint","urlTemplate":"https:\/\/elke-lauffer.com\/start\/?s={search_term_string}"},"query-input":{"@type":"PropertyValueSpecification","valueRequired":true,"valueName":"search_term_string"}}],"inLanguage":"de"}]}},"_links":{"self":[{"href":"https:\/\/elke-lauffer.com\/start\/wp-json\/wp\/v2\/pages\/2537","targetHints":{"allow":["GET"]}}],"collection":[{"href":"https:\/\/elke-lauffer.com\/start\/wp-json\/wp\/v2\/pages"}],"about":[{"href":"https:\/\/elke-lauffer.com\/start\/wp-json\/wp\/v2\/types\/page"}],"author":[{"embeddable":true,"href":"https:\/\/elke-lauffer.com\/start\/wp-json\/wp\/v2\/users\/1"}],"replies":[{"embeddable":true,"href":"https:\/\/elke-lauffer.com\/start\/wp-json\/wp\/v2\/comments?post=2537"}],"version-history":[{"count":29,"href":"https:\/\/elke-lauffer.com\/start\/wp-json\/wp\/v2\/pages\/2537\/revisions"}],"predecessor-version":[{"id":2601,"href":"https:\/\/elke-lauffer.com\/start\/wp-json\/wp\/v2\/pages\/2537\/revisions\/2601"}],"wp:attachment":[{"href":"https:\/\/elke-lauffer.com\/start\/wp-json\/wp\/v2\/media?parent=2537"}],"curies":[{"name":"wp","href":"https:\/\/api.w.org\/{rel}","templated":true}]}}