{"id":2153,"date":"2024-05-01T14:27:58","date_gmt":"2024-05-01T12:27:58","guid":{"rendered":"https:\/\/elke-lauffer.com\/start\/?page_id=2153"},"modified":"2024-05-21T16:07:38","modified_gmt":"2024-05-21T14:07:38","slug":"yogadaffaires","status":"publish","type":"page","link":"https:\/\/elke-lauffer.com\/start\/yogadaffaires\/","title":{"rendered":"Yoga d&#8217;affaires"},"content":{"rendered":"<p>[et_pb_section fb_built=&#8220;1&#8243; next_background_color=&#8220;#ffffff&#8220; admin_label=&#8220;Header&#8220; _builder_version=&#8220;4.24.2&#8243; background_image=&#8220;https:\/\/elke-lauffer.com\/wp-content\/uploads\/DSC6638-scaled.jpg&#8220; width=&#8220;100%&#8220; custom_padding=&#8220;13vw||13vw||true|false&#8220; bottom_divider_style=&#8220;mountains2&#8243; locked=&#8220;off&#8220; global_colors_info=&#8220;{}&#8220;][et_pb_row _builder_version=&#8220;4.24.2&#8243; z_index=&#8220;20&#8243; locked=&#8220;off&#8220; global_colors_info=&#8220;{}&#8220;][et_pb_column type=&#8220;4_4&#8243; _builder_version=&#8220;4.16&#8243; global_colors_info=&#8220;{}&#8220;][et_pb_heading title=&#8220;\u201cNothing makes us better on our way than a break\u201d \u2013 Elizabeth Barrett Browning &#8220; _builder_version=&#8220;4.24.2&#8243; _module_preset=&#8220;default&#8220; title_font=&#8220;Caveat||||||||&#8220; title_text_color=&#8220;#FFFFFF&#8220; title_font_size=&#8220;65px&#8220; global_colors_info=&#8220;{}&#8220;][\/et_pb_heading][\/et_pb_column][\/et_pb_row][\/et_pb_section][et_pb_section fb_built=&#8220;1&#8243; admin_label=&#8220;About&#8220; _builder_version=&#8220;4.24.2&#8243; custom_margin=&#8220;12px|||||&#8220; custom_padding=&#8220;22px||99px|||&#8220; bottom_divider_style=&#8220;mountains2&#8243; bottom_divider_color=&#8220;#748b6f&#8220; global_colors_info=&#8220;{}&#8220;][et_pb_row _builder_version=&#8220;4.24.2&#8243; _module_preset=&#8220;default&#8220; global_colors_info=&#8220;{}&#8220;][et_pb_column type=&#8220;4_4&#8243; _builder_version=&#8220;4.24.2&#8243; _module_preset=&#8220;default&#8220; global_colors_info=&#8220;{}&#8220;][et_pb_text _builder_version=&#8220;4.24.2&#8243; _module_preset=&#8220;default&#8220; text_font=&#8220;Caveat||||||||&#8220; text_text_color=&#8220;#183a1d&#8220; text_font_size=&#8220;75px&#8220; text_line_height=&#8220;1em&#8220; header_font=&#8220;Caveat||||||||&#8220; header_2_font=&#8220;Caveat||||||||&#8220; text_orientation=&#8220;center&#8220; global_colors_info=&#8220;{}&#8220;]<\/p>\n<p>Yoga d&#8217;affaires<\/p>\n<p>[\/et_pb_text][\/et_pb_column][\/et_pb_row][et_pb_row _builder_version=&#8220;4.24.2&#8243; locked=&#8220;off&#8220; global_colors_info=&#8220;{}&#8220;][et_pb_column type=&#8220;4_4&#8243; _builder_version=&#8220;4.16&#8243; global_colors_info=&#8220;{}&#8220;][et_pb_text _builder_version=&#8220;4.24.2&#8243; text_font=&#8220;Poppins||||||||&#8220; text_text_color=&#8220;#183a1d&#8220; text_font_size=&#8220;18px&#8220; header_2_font=&#8220;Caveat||||||||&#8220; header_2_text_align=&#8220;center&#8220; header_2_text_color=&#8220;#183a1d&#8220; header_2_font_size=&#8220;44px&#8220; header_2_line_height=&#8220;1.3em&#8220; text_font_size_tablet=&#8220;15px&#8220; text_font_size_phone=&#8220;14px&#8220; text_font_size_last_edited=&#8220;on|phone&#8220; global_colors_info=&#8220;{}&#8220;]<\/p>\n<h2 class=\" \">Vous souhaitez des <span>collaborateurs\/trices<\/span> en bonne sant\u00e9, satisfaits et motiv\u00e9s ? <br \/>Alors faites entrer le yoga dans votre entreprise !<\/h2>\n<p>[\/et_pb_text][\/et_pb_column][\/et_pb_row][et_pb_row column_structure=&#8220;1_3,1_3,1_3&#8243; _builder_version=&#8220;4.24.2&#8243; custom_margin=&#8220;-23px|auto||auto||&#8220; custom_padding=&#8220;41px|||||&#8220; locked=&#8220;off&#8220; global_colors_info=&#8220;{}&#8220;][et_pb_column type=&#8220;1_3&#8243; _builder_version=&#8220;4.16&#8243; global_colors_info=&#8220;{}&#8220;][et_pb_blurb title=&#8220;Quels sont les avantages du yoga pour votre entreprise ?&#8220; image=&#8220;https:\/\/elke-lauffer.com\/wp-content\/uploads\/1-1.png&#8220; image_icon_width=&#8220;60%&#8220; content_max_width=&#8220;100%&#8220; _builder_version=&#8220;4.24.2&#8243; header_level=&#8220;h3&#8243; header_font=&#8220;Poppins||||||||&#8220; header_text_color=&#8220;#183a1d&#8220; header_font_size=&#8220;24px&#8220; header_line_height=&#8220;1.4em&#8220; body_font=&#8220;Open Sans||||||||&#8220; body_text_align=&#8220;center&#8220; body_text_color=&#8220;#183a1d&#8220; body_font_size=&#8220;17px&#8220; image_icon_custom_margin=&#8220;-6px||-50px||false|false&#8220; text_orientation=&#8220;center&#8220; header_font_size_tablet=&#8220;&#8220; header_font_size_phone=&#8220;20px&#8220; header_font_size_last_edited=&#8220;on|phone&#8220; locked=&#8220;off&#8220; global_colors_info=&#8220;{}&#8220;]<\/p>\n<p><span>Vos employ\u00e9s ressentiront une motivation personnelle accrue. Ils se sentiront revitalis\u00e9s et dynamiques, ce qui se traduira par une attitude plus efficace et plus cr\u00e9ative sur le lieu de travail. La satisfaction au travail, l&#8217;esprit d&#8217;\u00e9quipe et la production de travail augmenteront. En fait, des \u00e9tudes scientifiques montrent qu&#8217;avec une pratique r\u00e9guli\u00e8re du yoga, les cong\u00e9s maladie peuvent \u00eatre r\u00e9duits jusqu&#8217;\u00e0 50%. <\/span><br \/><span>Le yoga contribuera non seulement \u00e0 lier plus fortement vos employ\u00e9s \u00e0 votre entreprise, mais il peut \u00e9galement renforcer votre image en tant qu&#8217;employeur !<\/span><\/p>\n<p>[\/et_pb_blurb][\/et_pb_column][et_pb_column type=&#8220;1_3&#8243; _builder_version=&#8220;4.16&#8243; global_colors_info=&#8220;{}&#8220;][et_pb_blurb title=&#8220;Je peux apporter tout l&#8217;enrichissement du yoga \u00e0 vos employ\u00e9s&#8220; image=&#8220;https:\/\/elke-lauffer.com\/wp-content\/uploads\/2-1.png&#8220; image_icon_width=&#8220;60%&#8220; content_max_width=&#8220;100%&#8220; _builder_version=&#8220;4.25.0&#8243; header_level=&#8220;h3&#8243; header_font=&#8220;Poppins||||||||&#8220; header_text_color=&#8220;#183a1d&#8220; header_font_size=&#8220;24px&#8220; header_line_height=&#8220;1.4em&#8220; body_font=&#8220;Open Sans||||||||&#8220; body_text_color=&#8220;#183a1d&#8220; body_font_size=&#8220;17px&#8220; image_icon_custom_margin=&#8220;-6px||-50px||false|false&#8220; text_orientation=&#8220;center&#8220; header_font_size_tablet=&#8220;&#8220; header_font_size_phone=&#8220;20px&#8220; header_font_size_last_edited=&#8220;on|phone&#8220; locked=&#8220;off&#8220; global_colors_info=&#8220;{}&#8220;]<\/p>\n<p>Je vous propose deux approches pour vous aider \u00e0 apporter tous les bienfaits du yoga au sein de votre entreprise<\/p>\n<p><span style=\"font-size: 17px;\">Cours de yoga d&#8217;affaires de 10 semaines con\u00e7u pour plusieurs employ\u00e9s<\/span><\/p>\n<p><span style=\"font-size: 17px;\">Cours de yoga individuels centr\u00e9s sur les besoins de votre entreprise<\/span><\/p>\n<p><em><strong>Chaque cours est con\u00e7u exclusivement pour vos employ\u00e9s<\/strong> <\/em>:<\/p>\n<p><span style=\"font-size: 17px;\">activer les potentiels \u00e9nerg\u00e9tiques par des exercices d&#8217;\u00e9nergie et de respiration<\/span><\/p>\n<p><span style=\"font-size: 17px;\">renforcer le syst\u00e8me musculo-squelettique et vitaliser la circulation gr\u00e2ce \u00e0 des postures de yoga \u00e9prouv\u00e9e<\/span><\/p>\n<p><span style=\"font-size: 17px;\">promouvoir la performance mentale et le bien-\u00eatre par des exercices de relaxation<\/span><\/p>\n<p>[\/et_pb_blurb][\/et_pb_column][et_pb_column type=&#8220;1_3&#8243; _builder_version=&#8220;4.16&#8243; global_colors_info=&#8220;{}&#8220;][et_pb_blurb title=&#8220;Prix de mes cours de yoga pour entreprises :&#8220; image=&#8220;https:\/\/elke-lauffer.com\/wp-content\/uploads\/business3.png&#8220; image_icon_width=&#8220;73%&#8220; content_max_width=&#8220;100%&#8220; _builder_version=&#8220;4.25.0&#8243; header_level=&#8220;h3&#8243; header_font=&#8220;Poppins||||||||&#8220; header_text_color=&#8220;#183a1d&#8220; header_font_size=&#8220;24px&#8220; header_line_height=&#8220;1.4em&#8220; body_font=&#8220;Open Sans||||||||&#8220; body_text_color=&#8220;#183a1d&#8220; body_font_size=&#8220;17px&#8220; image_icon_custom_margin=&#8220;-10px||-50px||false|false&#8220; image_icon_custom_padding=&#8220;0px||||false|false&#8220; text_orientation=&#8220;center&#8220; header_font_size_tablet=&#8220;&#8220; header_font_size_phone=&#8220;20px&#8220; header_font_size_last_edited=&#8220;on|phone&#8220; locked=&#8220;off&#8220; global_colors_info=&#8220;{}&#8220;]<\/p>\n<p>&nbsp;<\/p>\n<p>&nbsp;<\/p>\n<ul>\n<li>10 semaines de yoga d\u2019affaires,<br \/>dur\u00e9e de 60 min.<br \/>max. 15 participants <strong><em>\u20ac 1.090,&#8211;<\/em><\/strong><strong><em><\/em><\/strong><\/li>\n<\/ul>\n<p><strong><em><\/em><\/strong><\/p>\n<ul>\n<li>10 semaines de yoga d\u2019affaires,<br \/>dur\u00e9e de 90 min.<br \/>max. 15 participants <strong><em>\u20ac 1.575,&#8211;<\/em><\/strong><\/li>\n<\/ul>\n<p>[\/et_pb_blurb][\/et_pb_column][\/et_pb_row][et_pb_row _builder_version=&#8220;4.24.2&#8243; locked=&#8220;off&#8220; global_colors_info=&#8220;{}&#8220;][et_pb_column type=&#8220;4_4&#8243; _builder_version=&#8220;4.16&#8243; global_colors_info=&#8220;{}&#8220;][et_pb_text _builder_version=&#8220;4.25.0&#8243; text_font=&#8220;Open Sans||||||||&#8220; text_text_color=&#8220;#183a1d&#8220; text_font_size=&#8220;20px&#8220; text_orientation=&#8220;center&#8220; text_font_size_tablet=&#8220;15px&#8220; text_font_size_phone=&#8220;14px&#8220; text_font_size_last_edited=&#8220;on|phone&#8220; global_colors_info=&#8220;{}&#8220;]<\/p>\n<p style=\"text-align: center;\"><strong><em>Pourquoi d\u00e9couvrir le yoga avec moi ?<\/em><\/strong><\/p>\n<p><span>Auparavant, en tant que responsable d&#8217;\u00e9v\u00e9nements, j&#8217;ai personnellement v\u00e9cu les effets quotidiens du travail s\u00e9dentaire et du stress sur le corps. Le yoga m&#8217;a toujours aid\u00e9 \u00e0 mieux g\u00e9rer le stress et \u00e0 rester d\u00e9tendue, m\u00eame en p\u00e9riode de travail intense.<\/span><\/p>\n<p><span>Afin de mieux comprendre les effets de la vie professionnelle moderne sur notre corps, j&#8217;ai suivi le programme de <\/span><em><strong>th\u00e9rapie de yoga Svastha<\/strong><\/em><span> avec le Dr Ganesh Mohan et le Dr G\u00fcnter Niessen. Le principe du Svastha Yoga est de pratiquer le yoga de la mani\u00e8re qui m\u00e8ne chaque individu au bien-\u00eatre. Ce qui me donne l&#8217;opportunit\u00e9 d&#8217;int\u00e9grer la sagesse ancienne du yoga et de l&#8217;ayurv\u00e9da \u00e0 une orientation holistique, afin d&#8217;offrir des comp\u00e9tences accessibles, perspicaces et durables pour le bien-\u00eatre et l&#8217;autogestion de vos employ\u00e9s.<\/span><span><\/span><\/p>\n<p><span><em><strong>Selon vos souhaits, je peux vous proposer des cours en allemand, en anglais ou en fran\u00e7ais !<\/strong><\/em><\/span><\/p>\n<p>[\/et_pb_text][\/et_pb_column][\/et_pb_row][et_pb_row _builder_version=&#8220;4.24.2&#8243; _module_preset=&#8220;default&#8220; custom_padding=&#8220;15px|||||&#8220; global_colors_info=&#8220;{}&#8220;][et_pb_column type=&#8220;4_4&#8243; _builder_version=&#8220;4.24.2&#8243; _module_preset=&#8220;default&#8220; global_colors_info=&#8220;{}&#8220;][et_pb_text _builder_version=&#8220;4.24.2&#8243; _module_preset=&#8220;default&#8220; text_font=&#8220;Open Sans|700|on||||||&#8220; text_text_color=&#8220;#183a1d&#8220; text_font_size=&#8220;24px&#8220; text_line_height=&#8220;1.9em&#8220; text_orientation=&#8220;center&#8220; custom_margin=&#8220;||10px|||&#8220; global_colors_info=&#8220;{}&#8220;]<\/p>\n<p><span>Je serais tr\u00e8s heureuse de vous conseiller personnellement. <\/span><br \/><span>N&#8217;h\u00e9sitez pas \u00e0 me contacter.<\/span><\/p>\n<p><em><strong><\/strong><\/em><\/p>\n<p>[\/et_pb_text][et_pb_button button_url=&#8220;mailto:info@atha-yoga.eu&#8220; url_new_window=&#8220;on&#8220; button_text=&#8220;Pour plus d&#8217;informations ou de conseils :&#8220; button_alignment=&#8220;center&#8220; _builder_version=&#8220;4.24.2&#8243; _module_preset=&#8220;default&#8220; custom_button=&#8220;on&#8220; button_text_color=&#8220;#FFFFFF&#8220; button_bg_color=&#8220;#f46500&#8243; button_border_width=&#8220;6px&#8220; button_border_color=&#8220;#f46500&#8243; button_border_radius=&#8220;6px&#8220; button_font=&#8220;Open Sans||||||||&#8220; button_icon=&#8220;&#xf061;||fa||900&#8243; button_on_hover=&#8220;off&#8220; global_colors_info=&#8220;{}&#8220;][\/et_pb_button][et_pb_text _builder_version=&#8220;4.24.2&#8243; _module_preset=&#8220;default&#8220; text_font=&#8220;Open Sans||||||||&#8220; text_text_color=&#8220;#183a1d&#8220; text_font_size=&#8220;22px&#8220; text_orientation=&#8220;center&#8220; global_colors_info=&#8220;{}&#8220;]<\/p>\n<p>&nbsp;<\/p>\n<p><em><strong>Conseil<\/strong> <\/em>: je vous signale express\u00e9ment que mes offres ne remplacent pas le th\u00e9rapeute ou le m\u00e9decin.<\/p>\n<p>[\/et_pb_text][\/et_pb_column][\/et_pb_row][\/et_pb_section]<\/p>\n","protected":false},"excerpt":{"rendered":"<p>Yoga d&#8217;affairesVous souhaitez des collaborateurs\/trices en bonne sant\u00e9, satisfaits et motiv\u00e9s ? Alors faites entrer le yoga dans votre entreprise !Vos employ\u00e9s ressentiront une motivation personnelle accrue. Ils se sentiront revitalis\u00e9s et dynamiques, ce qui se traduira par une attitude plus efficace et plus cr\u00e9ative sur le lieu de travail. La satisfaction au travail, l&#8217;esprit [&hellip;]<\/p>\n","protected":false},"author":1,"featured_media":0,"parent":0,"menu_order":0,"comment_status":"closed","ping_status":"closed","template":"","meta":{"_et_pb_use_builder":"on","_et_pb_old_content":"","_et_gb_content_width":"","_sitemap_exclude":false,"_sitemap_priority":"","_sitemap_frequency":"","footnotes":""},"class_list":["post-2153","page","type-page","status-publish","hentry"],"yoast_head":"<!-- This site is optimized with the Yoast SEO plugin v27.5 - https:\/\/yoast.com\/product\/yoast-seo-wordpress\/ -->\n<title>Yoga d&#039;affaires - Elke Lauffer<\/title>\n<meta name=\"description\" content=\"Vous souhaitez des employ\u00e9s en bonne sant\u00e9, satisfaits et motiv\u00e9s ? Alors faites entrer le yoga dans votre entreprise !\" \/>\n<meta name=\"robots\" content=\"index, follow, max-snippet:-1, max-image-preview:large, max-video-preview:-1\" \/>\n<link rel=\"canonical\" href=\"https:\/\/elke-lauffer.com\/start\/yogadaffaires\/\" \/>\n<meta property=\"og:locale\" content=\"de_DE\" \/>\n<meta property=\"og:type\" content=\"article\" \/>\n<meta property=\"og:title\" content=\"Yoga d&#039;affaires - Elke Lauffer\" \/>\n<meta property=\"og:description\" content=\"Vous souhaitez des employ\u00e9s en bonne sant\u00e9, satisfaits et motiv\u00e9s ? Alors faites entrer le yoga dans votre entreprise !\" \/>\n<meta property=\"og:url\" content=\"https:\/\/elke-lauffer.com\/start\/yogadaffaires\/\" \/>\n<meta property=\"og:site_name\" content=\"Elke Lauffer\" \/>\n<meta property=\"article:modified_time\" content=\"2024-05-21T14:07:38+00:00\" \/>\n<meta name=\"twitter:card\" content=\"summary_large_image\" \/>\n<meta name=\"twitter:label1\" content=\"Gesch\u00e4tzte Lesezeit\" \/>\n\t<meta name=\"twitter:data1\" content=\"4\u00a0Minuten\" \/>\n<script type=\"application\/ld+json\" class=\"yoast-schema-graph\">{\"@context\":\"https:\\\/\\\/schema.org\",\"@graph\":[{\"@type\":\"WebPage\",\"@id\":\"https:\\\/\\\/elke-lauffer.com\\\/start\\\/yogadaffaires\\\/\",\"url\":\"https:\\\/\\\/elke-lauffer.com\\\/start\\\/yogadaffaires\\\/\",\"name\":\"Yoga d'affaires - Elke Lauffer\",\"isPartOf\":{\"@id\":\"https:\\\/\\\/elke-lauffer.com\\\/start\\\/#website\"},\"datePublished\":\"2024-05-01T12:27:58+00:00\",\"dateModified\":\"2024-05-21T14:07:38+00:00\",\"description\":\"Vous souhaitez des employ\u00e9s en bonne sant\u00e9, satisfaits et motiv\u00e9s ? Alors faites entrer le yoga dans votre entreprise !\",\"breadcrumb\":{\"@id\":\"https:\\\/\\\/elke-lauffer.com\\\/start\\\/yogadaffaires\\\/#breadcrumb\"},\"inLanguage\":\"de\",\"potentialAction\":[{\"@type\":\"ReadAction\",\"target\":[\"https:\\\/\\\/elke-lauffer.com\\\/start\\\/yogadaffaires\\\/\"]}]},{\"@type\":\"BreadcrumbList\",\"@id\":\"https:\\\/\\\/elke-lauffer.com\\\/start\\\/yogadaffaires\\\/#breadcrumb\",\"itemListElement\":[{\"@type\":\"ListItem\",\"position\":1,\"name\":\"Startseite\",\"item\":\"https:\\\/\\\/elke-lauffer.com\\\/start\\\/\"},{\"@type\":\"ListItem\",\"position\":2,\"name\":\"Yoga d&#8217;affaires\"}]},{\"@type\":\"WebSite\",\"@id\":\"https:\\\/\\\/elke-lauffer.com\\\/start\\\/#website\",\"url\":\"https:\\\/\\\/elke-lauffer.com\\\/start\\\/\",\"name\":\"Elke Lauffer\",\"description\":\"Yoga und Ayurveda\",\"potentialAction\":[{\"@type\":\"SearchAction\",\"target\":{\"@type\":\"EntryPoint\",\"urlTemplate\":\"https:\\\/\\\/elke-lauffer.com\\\/start\\\/?s={search_term_string}\"},\"query-input\":{\"@type\":\"PropertyValueSpecification\",\"valueRequired\":true,\"valueName\":\"search_term_string\"}}],\"inLanguage\":\"de\"}]}<\/script>\n<!-- \/ Yoast SEO plugin. -->","yoast_head_json":{"title":"Yoga d'affaires - Elke Lauffer","description":"Vous souhaitez des employ\u00e9s en bonne sant\u00e9, satisfaits et motiv\u00e9s ? Alors faites entrer le yoga dans votre entreprise !","robots":{"index":"index","follow":"follow","max-snippet":"max-snippet:-1","max-image-preview":"max-image-preview:large","max-video-preview":"max-video-preview:-1"},"canonical":"https:\/\/elke-lauffer.com\/start\/yogadaffaires\/","og_locale":"de_DE","og_type":"article","og_title":"Yoga d'affaires - Elke Lauffer","og_description":"Vous souhaitez des employ\u00e9s en bonne sant\u00e9, satisfaits et motiv\u00e9s ? Alors faites entrer le yoga dans votre entreprise !","og_url":"https:\/\/elke-lauffer.com\/start\/yogadaffaires\/","og_site_name":"Elke Lauffer","article_modified_time":"2024-05-21T14:07:38+00:00","twitter_card":"summary_large_image","twitter_misc":{"Gesch\u00e4tzte Lesezeit":"4\u00a0Minuten"},"schema":{"@context":"https:\/\/schema.org","@graph":[{"@type":"WebPage","@id":"https:\/\/elke-lauffer.com\/start\/yogadaffaires\/","url":"https:\/\/elke-lauffer.com\/start\/yogadaffaires\/","name":"Yoga d'affaires - Elke Lauffer","isPartOf":{"@id":"https:\/\/elke-lauffer.com\/start\/#website"},"datePublished":"2024-05-01T12:27:58+00:00","dateModified":"2024-05-21T14:07:38+00:00","description":"Vous souhaitez des employ\u00e9s en bonne sant\u00e9, satisfaits et motiv\u00e9s ? Alors faites entrer le yoga dans votre entreprise !","breadcrumb":{"@id":"https:\/\/elke-lauffer.com\/start\/yogadaffaires\/#breadcrumb"},"inLanguage":"de","potentialAction":[{"@type":"ReadAction","target":["https:\/\/elke-lauffer.com\/start\/yogadaffaires\/"]}]},{"@type":"BreadcrumbList","@id":"https:\/\/elke-lauffer.com\/start\/yogadaffaires\/#breadcrumb","itemListElement":[{"@type":"ListItem","position":1,"name":"Startseite","item":"https:\/\/elke-lauffer.com\/start\/"},{"@type":"ListItem","position":2,"name":"Yoga d&#8217;affaires"}]},{"@type":"WebSite","@id":"https:\/\/elke-lauffer.com\/start\/#website","url":"https:\/\/elke-lauffer.com\/start\/","name":"Elke Lauffer","description":"Yoga und Ayurveda","potentialAction":[{"@type":"SearchAction","target":{"@type":"EntryPoint","urlTemplate":"https:\/\/elke-lauffer.com\/start\/?s={search_term_string}"},"query-input":{"@type":"PropertyValueSpecification","valueRequired":true,"valueName":"search_term_string"}}],"inLanguage":"de"}]}},"_links":{"self":[{"href":"https:\/\/elke-lauffer.com\/start\/wp-json\/wp\/v2\/pages\/2153","targetHints":{"allow":["GET"]}}],"collection":[{"href":"https:\/\/elke-lauffer.com\/start\/wp-json\/wp\/v2\/pages"}],"about":[{"href":"https:\/\/elke-lauffer.com\/start\/wp-json\/wp\/v2\/types\/page"}],"author":[{"embeddable":true,"href":"https:\/\/elke-lauffer.com\/start\/wp-json\/wp\/v2\/users\/1"}],"replies":[{"embeddable":true,"href":"https:\/\/elke-lauffer.com\/start\/wp-json\/wp\/v2\/comments?post=2153"}],"version-history":[{"count":21,"href":"https:\/\/elke-lauffer.com\/start\/wp-json\/wp\/v2\/pages\/2153\/revisions"}],"predecessor-version":[{"id":2434,"href":"https:\/\/elke-lauffer.com\/start\/wp-json\/wp\/v2\/pages\/2153\/revisions\/2434"}],"wp:attachment":[{"href":"https:\/\/elke-lauffer.com\/start\/wp-json\/wp\/v2\/media?parent=2153"}],"curies":[{"name":"wp","href":"https:\/\/api.w.org\/{rel}","templated":true}]}}