{"id":1996,"date":"2024-05-01T14:25:42","date_gmt":"2024-05-01T12:25:42","guid":{"rendered":"https:\/\/elke-lauffer.com\/start\/?page_id=1996"},"modified":"2025-01-31T15:33:40","modified_gmt":"2025-01-31T14:33:40","slug":"yogaindividuel","status":"publish","type":"page","link":"https:\/\/elke-lauffer.com\/start\/yogaindividuel\/","title":{"rendered":"Yoga individuel"},"content":{"rendered":"<p>[et_pb_section fb_built=&#8220;1&#8243; next_background_color=&#8220;#ffffff&#8220; admin_label=&#8220;Header&#8220; _builder_version=&#8220;4.24.2&#8243; background_image=&#8220;https:\/\/elke-lauffer.com\/wp-content\/uploads\/Fuesse-PersonalYoga.jpeg&#8220; width=&#8220;100%&#8220; custom_padding=&#8220;13vw||13vw||true|false&#8220; bottom_divider_style=&#8220;mountains2&#8243; locked=&#8220;off&#8220; global_colors_info=&#8220;{}&#8220;][et_pb_row _builder_version=&#8220;4.24.2&#8243; z_index=&#8220;20&#8243; locked=&#8220;off&#8220; global_colors_info=&#8220;{}&#8220;][et_pb_column type=&#8220;4_4&#8243; _builder_version=&#8220;4.16&#8243; global_colors_info=&#8220;{}&#8220;][et_pb_heading title=&#8220;%22A comfort zone is a beautiful place but nothing exceptional ever grows there%22 &#8211; Max De Pree&#8220; _builder_version=&#8220;4.24.2&#8243; _module_preset=&#8220;default&#8220; title_font=&#8220;Caveat||||||||&#8220; title_text_color=&#8220;#FFFFFF&#8220; title_font_size=&#8220;65px&#8220; global_colors_info=&#8220;{}&#8220;][\/et_pb_heading][\/et_pb_column][\/et_pb_row][\/et_pb_section][et_pb_section fb_built=&#8220;1&#8243; admin_label=&#8220;About&#8220; _builder_version=&#8220;4.24.2&#8243; custom_margin=&#8220;12px|||||&#8220; custom_padding=&#8220;22px||99px|||&#8220; bottom_divider_style=&#8220;mountains2&#8243; bottom_divider_color=&#8220;#748b6f&#8220; global_colors_info=&#8220;{}&#8220;][et_pb_row _builder_version=&#8220;4.24.2&#8243; _module_preset=&#8220;default&#8220; global_colors_info=&#8220;{}&#8220;][et_pb_column type=&#8220;4_4&#8243; _builder_version=&#8220;4.24.2&#8243; _module_preset=&#8220;default&#8220; global_colors_info=&#8220;{}&#8220;][et_pb_text _builder_version=&#8220;4.24.2&#8243; _module_preset=&#8220;default&#8220; text_font=&#8220;Caveat||||||||&#8220; text_text_color=&#8220;#183a1d&#8220; text_font_size=&#8220;75px&#8220; text_line_height=&#8220;1em&#8220; header_font=&#8220;Caveat||||||||&#8220; header_2_font=&#8220;Caveat||||||||&#8220; text_orientation=&#8220;center&#8220; global_colors_info=&#8220;{}&#8220;]Yoga individuel<br \/>\n[\/et_pb_text][\/et_pb_column][\/et_pb_row][et_pb_row _builder_version=&#8220;4.24.2&#8243; custom_padding=&#8220;15px|||||&#8220; locked=&#8220;off&#8220; global_colors_info=&#8220;{}&#8220;][et_pb_column type=&#8220;4_4&#8243; _builder_version=&#8220;4.16&#8243; global_colors_info=&#8220;{}&#8220;][et_pb_text _builder_version=&#8220;4.24.2&#8243; text_font=&#8220;Poppins||||||||&#8220; text_text_color=&#8220;#183a1d&#8220; text_font_size=&#8220;18px&#8220; header_2_font=&#8220;Caveat||||||||&#8220; header_2_text_align=&#8220;center&#8220; header_2_text_color=&#8220;#183a1d&#8220; header_2_font_size=&#8220;44px&#8220; header_2_line_height=&#8220;1.3em&#8220; text_font_size_tablet=&#8220;15px&#8220; text_font_size_phone=&#8220;14px&#8220; text_font_size_last_edited=&#8220;on|phone&#8220; global_colors_info=&#8220;{}&#8220;]<\/p>\n<h2 class=\" \">Ressentez-vous le besoin d&#8217;en faire plus pour vous-m\u00eame ?<\/h2>\n<h2>\u00cates-vous pr\u00eat \u00e0 quitter votre zone de confort ?<\/h2>\n<p>[\/et_pb_text][\/et_pb_column][\/et_pb_row][et_pb_row _builder_version=&#8220;4.24.2&#8243; locked=&#8220;off&#8220; global_colors_info=&#8220;{}&#8220;][et_pb_column type=&#8220;4_4&#8243; _builder_version=&#8220;4.16&#8243; global_colors_info=&#8220;{}&#8220;][et_pb_text _builder_version=&#8220;4.25.0&#8243; text_font=&#8220;Open Sans||||||||&#8220; text_text_color=&#8220;#183a1d&#8220; text_font_size=&#8220;20px&#8220; text_font_size_tablet=&#8220;15px&#8220; text_font_size_phone=&#8220;14px&#8220; text_font_size_last_edited=&#8220;on|phone&#8220; global_colors_info=&#8220;{}&#8220;]<\/p>\n<p>Au <em><strong>Yoga individuel<\/strong><\/em>, vous et moi travaillerons ensemble pour cr\u00e9er un programme de yoga bas\u00e9 sur vos souhaits et vos besoins.<\/p>\n<p>Apr\u00e8s une discussion introductive, je vous proposerai un programme de yoga personnalis\u00e9 qui se concentrera sur les fondamentaux du yoga tels que les techniques de respiration, les asanas et la m\u00e9ditation.<\/p>\n<p>Votre programme personnalis\u00e9 sera pratiqu\u00e9 dans la classe individuelle et, en outre, sera document\u00e9 par \u00e9crit afin que vous puissiez \u00e9galement pratiquer de mani\u00e8re ind\u00e9pendante \u00e0 la maison. En outre, au cours des s\u00e9ances individuelles suivantes du cours, votre programme peut \u00eatre adapt\u00e9 et\/ou \u00e9tendu selon les besoins de votre d\u00e9veloppement personnel.<\/p>\n<p>[\/et_pb_text][\/et_pb_column][\/et_pb_row][et_pb_row column_structure=&#8220;1_3,1_3,1_3&#8243; _builder_version=&#8220;4.24.2&#8243; custom_padding=&#8220;41px|||||&#8220; locked=&#8220;off&#8220; global_colors_info=&#8220;{}&#8220;][et_pb_column type=&#8220;1_3&#8243; _builder_version=&#8220;4.16&#8243; global_colors_info=&#8220;{}&#8220;][et_pb_blurb title=&#8220;Sur mesure&#8220; image=&#8220;https:\/\/elke-lauffer.com\/wp-content\/uploads\/yoga-instructor-icon-12-black.png&#8220; content_max_width=&#8220;100%&#8220; _builder_version=&#8220;4.25.0&#8243; header_level=&#8220;h3&#8243; header_font=&#8220;Poppins||||||||&#8220; header_text_color=&#8220;#183a1d&#8220; header_font_size=&#8220;24px&#8220; header_line_height=&#8220;1.4em&#8220; body_font=&#8220;Open Sans||||||||&#8220; body_text_color=&#8220;#183a1d&#8220; body_font_size=&#8220;18px&#8220; text_orientation=&#8220;center&#8220; header_font_size_tablet=&#8220;&#8220; header_font_size_phone=&#8220;20px&#8220; header_font_size_last_edited=&#8220;on|phone&#8220; locked=&#8220;off&#8220; global_colors_info=&#8220;{}&#8220;]<\/p>\n<p>En fonction de vos besoins physiques, de votre situation et de votre emploi du temps, nous construisons une pratique de yoga qui a du sens POUR VOUS !<\/p>\n<p>[\/et_pb_blurb][\/et_pb_column][et_pb_column type=&#8220;1_3&#8243; _builder_version=&#8220;4.16&#8243; global_colors_info=&#8220;{}&#8220;][et_pb_blurb title=&#8220;S\u00e9curis\u00e9&#8220; image=&#8220;https:\/\/elke-lauffer.com\/wp-content\/uploads\/yoga-instructor-icon-10-black.png&#8220; content_max_width=&#8220;100%&#8220; _builder_version=&#8220;4.25.0&#8243; header_level=&#8220;h3&#8243; header_font=&#8220;Poppins||||||||&#8220; header_text_color=&#8220;#183a1d&#8220; header_font_size=&#8220;24px&#8220; header_line_height=&#8220;1.4em&#8220; body_font=&#8220;Open Sans||||||||&#8220; body_text_color=&#8220;#183a1d&#8220; body_font_size=&#8220;18px&#8220; text_orientation=&#8220;center&#8220; header_font_size_tablet=&#8220;&#8220; header_font_size_phone=&#8220;20px&#8220; header_font_size_last_edited=&#8220;on|phone&#8220; locked=&#8220;off&#8220; global_colors_info=&#8220;{}&#8220;]<\/p>\n<p>Je vous accompagnerai pour vous aider \u00e0 trouver votre chemin avec votre programme de yoga personnalis\u00e9.<\/p>\n<p>[\/et_pb_blurb][\/et_pb_column][et_pb_column type=&#8220;1_3&#8243; _builder_version=&#8220;4.16&#8243; global_colors_info=&#8220;{}&#8220;][et_pb_blurb title=&#8220;Disponibilit\u00e9&#8220; image=&#8220;https:\/\/elke-lauffer.com\/wp-content\/uploads\/yoga-instructor-icon-7-black.png&#8220; content_max_width=&#8220;100%&#8220; _builder_version=&#8220;4.25.0&#8243; header_level=&#8220;h3&#8243; header_font=&#8220;Poppins||||||||&#8220; header_text_color=&#8220;#183a1d&#8220; header_font_size=&#8220;24px&#8220; header_line_height=&#8220;1.4em&#8220; body_font=&#8220;Open Sans||||||||&#8220; body_text_color=&#8220;#183a1d&#8220; body_font_size=&#8220;18px&#8220; text_orientation=&#8220;center&#8220; header_font_size_tablet=&#8220;&#8220; header_font_size_phone=&#8220;20px&#8220; header_font_size_last_edited=&#8220;on|phone&#8220; locked=&#8220;off&#8220; global_colors_info=&#8220;{}&#8220;]<\/p>\n<p>Pratiquez le yoga quand cela vous convient le mieux. Le yoga individuel est votre alternative si vous ne pouvez pas vous rendre dans un studio de yoga.<\/p>\n<p>[\/et_pb_blurb][\/et_pb_column][\/et_pb_row][et_pb_row _builder_version=&#8220;4.24.2&#8243; _module_preset=&#8220;default&#8220; custom_padding=&#8220;15px|||||&#8220; global_colors_info=&#8220;{}&#8220;][et_pb_column type=&#8220;4_4&#8243; _builder_version=&#8220;4.24.2&#8243; _module_preset=&#8220;default&#8220; global_colors_info=&#8220;{}&#8220;][et_pb_text _builder_version=&#8220;4.24.2&#8243; _module_preset=&#8220;default&#8220; text_font=&#8220;Open Sans||on||||||&#8220; text_text_color=&#8220;#183a1d&#8220; text_font_size=&#8220;24px&#8220; text_orientation=&#8220;center&#8220; custom_margin=&#8220;||13px|||&#8220; global_colors_info=&#8220;{}&#8220;]<\/p>\n<p><em><strong>Je vous soutiendrai avec toutes mes connaissances et mon exp\u00e9rience sur votre parcours de yoga. <\/strong><\/em><em><strong>Travaillons ensemble pour trouver votre chemin de yoga.<\/strong><\/em><\/p>\n<p><em><strong><\/strong><\/em><\/p>\n<p>[\/et_pb_text][et_pb_button button_url=&#8220;mailto:info@atha-yoga.eu&#8220; url_new_window=&#8220;on&#8220; button_text=&#8220;Je r\u00e9serve mon rendez-vous&#8220; button_alignment=&#8220;center&#8220; _builder_version=&#8220;4.24.2&#8243; _module_preset=&#8220;default&#8220; custom_button=&#8220;on&#8220; button_text_color=&#8220;#FFFFFF&#8220; button_bg_color=&#8220;#f46500&#8243; button_border_width=&#8220;6px&#8220; button_border_color=&#8220;#f46500&#8243; button_border_radius=&#8220;6px&#8220; button_font=&#8220;Open Sans||||||||&#8220; button_icon=&#8220;&#xf061;||fa||900&#8243; button_on_hover=&#8220;off&#8220; global_colors_info=&#8220;{}&#8220;][\/et_pb_button][et_pb_text _builder_version=&#8220;4.24.2&#8243; _module_preset=&#8220;default&#8220; text_font=&#8220;Open Sans||||||||&#8220; text_text_color=&#8220;#183a1d&#8220; text_font_size=&#8220;22px&#8220; text_orientation=&#8220;center&#8220; global_colors_info=&#8220;{}&#8220;]<\/p>\n<p>&nbsp;<\/p>\n<p><em><strong>Conseil<\/strong> <\/em>: je vous signale express\u00e9ment que mes offres ne remplacent pas le th\u00e9rapeute ou le m\u00e9decin.<\/p>\n<p>[\/et_pb_text][\/et_pb_column][\/et_pb_row][\/et_pb_section]<\/p>\n","protected":false},"excerpt":{"rendered":"<p>Yoga individuel Ressentez-vous le besoin d&#8217;en faire plus pour vous-m\u00eame ? \u00cates-vous pr\u00eat \u00e0 quitter votre zone de confort ? Au Yoga individuel, vous et moi travaillerons ensemble pour cr\u00e9er un programme de yoga bas\u00e9 sur vos souhaits et vos besoins. Apr\u00e8s une discussion introductive, je vous proposerai un programme de yoga personnalis\u00e9 qui se [&hellip;]<\/p>\n","protected":false},"author":1,"featured_media":0,"parent":0,"menu_order":0,"comment_status":"closed","ping_status":"closed","template":"","meta":{"_et_pb_use_builder":"on","_et_pb_old_content":"","_et_gb_content_width":"","_sitemap_exclude":false,"_sitemap_priority":"","_sitemap_frequency":"","footnotes":""},"class_list":["post-1996","page","type-page","status-publish","hentry"],"yoast_head":"<!-- This site is optimized with the Yoast SEO plugin v27.5 - https:\/\/yoast.com\/product\/yoast-seo-wordpress\/ -->\n<title>Yoga individuel - Elke Lauffer<\/title>\n<meta name=\"description\" content=\"Je vous proposerai un programme de yoga personnalis\u00e9 qui se concentrera sur vos souhaits et vos besoins. Prenez du temps pour vous!\" \/>\n<meta name=\"robots\" content=\"index, follow, max-snippet:-1, max-image-preview:large, max-video-preview:-1\" \/>\n<link rel=\"canonical\" href=\"https:\/\/elke-lauffer.com\/start\/yogaindividuel\/\" \/>\n<meta property=\"og:locale\" content=\"de_DE\" \/>\n<meta property=\"og:type\" content=\"article\" \/>\n<meta property=\"og:title\" content=\"Yoga individuel - Elke Lauffer\" \/>\n<meta property=\"og:description\" content=\"Je vous proposerai un programme de yoga personnalis\u00e9 qui se concentrera sur vos souhaits et vos besoins. Prenez du temps pour vous!\" \/>\n<meta property=\"og:url\" content=\"https:\/\/elke-lauffer.com\/start\/yogaindividuel\/\" \/>\n<meta property=\"og:site_name\" content=\"Elke Lauffer\" \/>\n<meta property=\"article:modified_time\" content=\"2025-01-31T14:33:40+00:00\" \/>\n<meta name=\"twitter:card\" content=\"summary_large_image\" \/>\n<meta name=\"twitter:label1\" content=\"Gesch\u00e4tzte Lesezeit\" \/>\n\t<meta name=\"twitter:data1\" content=\"3\u00a0Minuten\" \/>\n<script type=\"application\/ld+json\" class=\"yoast-schema-graph\">{\"@context\":\"https:\\\/\\\/schema.org\",\"@graph\":[{\"@type\":\"WebPage\",\"@id\":\"https:\\\/\\\/elke-lauffer.com\\\/start\\\/yogaindividuel\\\/\",\"url\":\"https:\\\/\\\/elke-lauffer.com\\\/start\\\/yogaindividuel\\\/\",\"name\":\"Yoga individuel - Elke Lauffer\",\"isPartOf\":{\"@id\":\"https:\\\/\\\/elke-lauffer.com\\\/start\\\/#website\"},\"datePublished\":\"2024-05-01T12:25:42+00:00\",\"dateModified\":\"2025-01-31T14:33:40+00:00\",\"description\":\"Je vous proposerai un programme de yoga personnalis\u00e9 qui se concentrera sur vos souhaits et vos besoins. Prenez du temps pour vous!\",\"breadcrumb\":{\"@id\":\"https:\\\/\\\/elke-lauffer.com\\\/start\\\/yogaindividuel\\\/#breadcrumb\"},\"inLanguage\":\"de\",\"potentialAction\":[{\"@type\":\"ReadAction\",\"target\":[\"https:\\\/\\\/elke-lauffer.com\\\/start\\\/yogaindividuel\\\/\"]}]},{\"@type\":\"BreadcrumbList\",\"@id\":\"https:\\\/\\\/elke-lauffer.com\\\/start\\\/yogaindividuel\\\/#breadcrumb\",\"itemListElement\":[{\"@type\":\"ListItem\",\"position\":1,\"name\":\"Startseite\",\"item\":\"https:\\\/\\\/elke-lauffer.com\\\/start\\\/\"},{\"@type\":\"ListItem\",\"position\":2,\"name\":\"Yoga individuel\"}]},{\"@type\":\"WebSite\",\"@id\":\"https:\\\/\\\/elke-lauffer.com\\\/start\\\/#website\",\"url\":\"https:\\\/\\\/elke-lauffer.com\\\/start\\\/\",\"name\":\"Elke Lauffer\",\"description\":\"Yoga und Ayurveda\",\"potentialAction\":[{\"@type\":\"SearchAction\",\"target\":{\"@type\":\"EntryPoint\",\"urlTemplate\":\"https:\\\/\\\/elke-lauffer.com\\\/start\\\/?s={search_term_string}\"},\"query-input\":{\"@type\":\"PropertyValueSpecification\",\"valueRequired\":true,\"valueName\":\"search_term_string\"}}],\"inLanguage\":\"de\"}]}<\/script>\n<!-- \/ Yoast SEO plugin. -->","yoast_head_json":{"title":"Yoga individuel - Elke Lauffer","description":"Je vous proposerai un programme de yoga personnalis\u00e9 qui se concentrera sur vos souhaits et vos besoins. Prenez du temps pour vous!","robots":{"index":"index","follow":"follow","max-snippet":"max-snippet:-1","max-image-preview":"max-image-preview:large","max-video-preview":"max-video-preview:-1"},"canonical":"https:\/\/elke-lauffer.com\/start\/yogaindividuel\/","og_locale":"de_DE","og_type":"article","og_title":"Yoga individuel - Elke Lauffer","og_description":"Je vous proposerai un programme de yoga personnalis\u00e9 qui se concentrera sur vos souhaits et vos besoins. Prenez du temps pour vous!","og_url":"https:\/\/elke-lauffer.com\/start\/yogaindividuel\/","og_site_name":"Elke Lauffer","article_modified_time":"2025-01-31T14:33:40+00:00","twitter_card":"summary_large_image","twitter_misc":{"Gesch\u00e4tzte Lesezeit":"3\u00a0Minuten"},"schema":{"@context":"https:\/\/schema.org","@graph":[{"@type":"WebPage","@id":"https:\/\/elke-lauffer.com\/start\/yogaindividuel\/","url":"https:\/\/elke-lauffer.com\/start\/yogaindividuel\/","name":"Yoga individuel - Elke Lauffer","isPartOf":{"@id":"https:\/\/elke-lauffer.com\/start\/#website"},"datePublished":"2024-05-01T12:25:42+00:00","dateModified":"2025-01-31T14:33:40+00:00","description":"Je vous proposerai un programme de yoga personnalis\u00e9 qui se concentrera sur vos souhaits et vos besoins. Prenez du temps pour vous!","breadcrumb":{"@id":"https:\/\/elke-lauffer.com\/start\/yogaindividuel\/#breadcrumb"},"inLanguage":"de","potentialAction":[{"@type":"ReadAction","target":["https:\/\/elke-lauffer.com\/start\/yogaindividuel\/"]}]},{"@type":"BreadcrumbList","@id":"https:\/\/elke-lauffer.com\/start\/yogaindividuel\/#breadcrumb","itemListElement":[{"@type":"ListItem","position":1,"name":"Startseite","item":"https:\/\/elke-lauffer.com\/start\/"},{"@type":"ListItem","position":2,"name":"Yoga individuel"}]},{"@type":"WebSite","@id":"https:\/\/elke-lauffer.com\/start\/#website","url":"https:\/\/elke-lauffer.com\/start\/","name":"Elke Lauffer","description":"Yoga und Ayurveda","potentialAction":[{"@type":"SearchAction","target":{"@type":"EntryPoint","urlTemplate":"https:\/\/elke-lauffer.com\/start\/?s={search_term_string}"},"query-input":{"@type":"PropertyValueSpecification","valueRequired":true,"valueName":"search_term_string"}}],"inLanguage":"de"}]}},"_links":{"self":[{"href":"https:\/\/elke-lauffer.com\/start\/wp-json\/wp\/v2\/pages\/1996","targetHints":{"allow":["GET"]}}],"collection":[{"href":"https:\/\/elke-lauffer.com\/start\/wp-json\/wp\/v2\/pages"}],"about":[{"href":"https:\/\/elke-lauffer.com\/start\/wp-json\/wp\/v2\/types\/page"}],"author":[{"embeddable":true,"href":"https:\/\/elke-lauffer.com\/start\/wp-json\/wp\/v2\/users\/1"}],"replies":[{"embeddable":true,"href":"https:\/\/elke-lauffer.com\/start\/wp-json\/wp\/v2\/comments?post=1996"}],"version-history":[{"count":42,"href":"https:\/\/elke-lauffer.com\/start\/wp-json\/wp\/v2\/pages\/1996\/revisions"}],"predecessor-version":[{"id":2531,"href":"https:\/\/elke-lauffer.com\/start\/wp-json\/wp\/v2\/pages\/1996\/revisions\/2531"}],"wp:attachment":[{"href":"https:\/\/elke-lauffer.com\/start\/wp-json\/wp\/v2\/media?parent=1996"}],"curies":[{"name":"wp","href":"https:\/\/api.w.org\/{rel}","templated":true}]}}