{"id":1295,"date":"2022-12-10T14:24:26","date_gmt":"2022-12-10T13:24:26","guid":{"rendered":"https:\/\/elke-lauffer.com\/start\/?page_id=1295"},"modified":"2024-05-12T19:19:47","modified_gmt":"2024-05-12T17:19:47","slug":"blog","status":"publish","type":"page","link":"https:\/\/elke-lauffer.com\/start\/blog\/","title":{"rendered":"Blog"},"content":{"rendered":"<p>[et_pb_section fb_built=&#8220;1&#8243; custom_padding_last_edited=&#8220;on|tablet&#8220; next_background_color=&#8220;#ffffff&#8220; admin_label=&#8220;Hero&#8220; _builder_version=&#8220;4.19.2&#8243; background_color=&#8220;#748b6f&#8220; background_enable_image=&#8220;off&#8220; parallax=&#8220;on&#8220; custom_margin=&#8220;||||false&#8220; custom_padding=&#8220;4vw||2vw||false|false&#8220; custom_padding_tablet=&#8220;||50px|&#8220; custom_padding_phone=&#8220;&#8220; bottom_divider_style=&#8220;mountains2&#8243; bottom_divider_height=&#8220;2.5vw&#8220; global_colors_info=&#8220;{}&#8220;][et_pb_row _builder_version=&#8220;4.16&#8243; custom_padding=&#8220;10px|||||&#8220; animation_style=&#8220;fade&#8220; global_colors_info=&#8220;{}&#8220;][et_pb_column type=&#8220;4_4&#8243; _builder_version=&#8220;4.16&#8243; custom_padding=&#8220;|||&#8220; global_colors_info=&#8220;{}&#8220; custom_padding__hover=&#8220;|||&#8220;][et_pb_text _builder_version=&#8220;4.25.0&#8243; text_font=&#8220;Open Sans|700|||||||&#8220; text_text_color=&#8220;#183a1d&#8220; text_font_size=&#8220;24px&#8220; text_line_height=&#8220;1.9em&#8220; header_font=&#8220;Caveat|300|||||||&#8220; header_text_color=&#8220;#183a1d&#8220; header_font_size=&#8220;60px&#8220; header_line_height=&#8220;1.4em&#8220; header_2_font=&#8220;Poppins||||||||&#8220; text_orientation=&#8220;center&#8220; max_width=&#8220;700px&#8220; module_alignment=&#8220;center&#8220; header_font_size_tablet=&#8220;40px&#8220; header_font_size_phone=&#8220;32px&#8220; header_font_size_last_edited=&#8220;on|desktop&#8220; global_colors_info=&#8220;{}&#8220;]<\/p>\n<h1><strong>Mon blog<\/strong><\/h1>\n<p>Ce qui est int\u00e9ressant sur les th\u00e8mes de l&#8217;ayurveda, du yoga, des rhumatismes et de la sant\u00e9<\/p>\n<p>(Bient\u00f4t tous les nouveaux articles en fran\u00e7ais)<\/p>\n<p>[\/et_pb_text][\/et_pb_column][\/et_pb_row][\/et_pb_section][et_pb_section fb_built=&#8220;1&#8243; admin_label=&#8220;Blog&#8220; _builder_version=&#8220;4.20.2&#8243; custom_padding=&#8220;53px|1px|53.4688px|0px|false|false&#8220; bottom_divider_style=&#8220;mountains&#8220; bottom_divider_color=&#8220;#748b6f&#8220; global_colors_info=&#8220;{}&#8220;][et_pb_row use_custom_gutter=&#8220;on&#8220; _builder_version=&#8220;4.19.2&#8243; global_colors_info=&#8220;{}&#8220;][et_pb_column type=&#8220;4_4&#8243; _builder_version=&#8220;4.16&#8243; custom_padding=&#8220;|||&#8220; global_colors_info=&#8220;{}&#8220; custom_padding__hover=&#8220;|||&#8220;][et_pb_blog fullwidth=&#8220;off&#8220; posts_number=&#8220;6&#8243; meta_date=&#8220;j M, Y&#8220; show_more=&#8220;on&#8220; show_author=&#8220;off&#8220; _builder_version=&#8220;4.19.2&#8243; header_font=&#8220;Montserrat||||||||&#8220; header_line_height=&#8220;1.4em&#8220; body_font=&#8220;||||||||&#8220; body_line_height=&#8220;2.1em&#8220; meta_font=&#8220;||||||||&#8220; meta_text_color=&#8220;rgba(0,0,0,0.2)&#8220; pagination_font=&#8220;Montserrat||||||||&#8220; pagination_text_color=&#8220;#7f8dff&#8220; pagination_font_size=&#8220;16px&#8220; border_radii=&#8220;on|10px|10px|10px|10px&#8220; border_width_all=&#8220;0px&#8220; box_shadow_style=&#8220;preset1&#8243; box_shadow_blur=&#8220;30px&#8220; box_shadow_color=&#8220;rgba(0,0,0,0.06)&#8220; global_colors_info=&#8220;{}&#8220;][\/et_pb_blog][\/et_pb_column][\/et_pb_row][\/et_pb_section][et_pb_section fb_built=&#8220;1&#8243; _builder_version=&#8220;4.20.2&#8243; _module_preset=&#8220;default&#8220; background_color=&#8220;#748b6f&#8220; custom_padding=&#8220;0px||0px||true|&#8220; global_colors_info=&#8220;{}&#8220;][et_pb_row _builder_version=&#8220;4.20.2&#8243; _module_preset=&#8220;default&#8220; global_colors_info=&#8220;{}&#8220;][et_pb_column type=&#8220;4_4&#8243; _builder_version=&#8220;4.20.2&#8243; _module_preset=&#8220;default&#8220; global_colors_info=&#8220;{}&#8220;][et_pb_code _builder_version=&#8220;4.25.0&#8243; _module_preset=&#8220;default&#8220; hover_enabled=&#8220;0&#8243; global_colors_info=&#8220;{}&#8220; sticky_enabled=&#8220;0&#8243;]<iframe loading=\"lazy\" width=\"540\" height=\"650\" src=\"https:\/\/714d07f2.sibforms.com\/serve\/MUIFAL4ZJwc6aA3rBDvpRLD5jsa1qGm751z7WQ6sWFoFw0tr9hsUGV1ukyJHMATK_MkQLoJM3eiT9-bXPGXjcDzRWAwEdMPiN5bI5IJgPF4FAM2H5zPMON090OjSDvIcsrryZ9DRi-wbmf4ecBvUEwyBk1B0_7SEGP74bMdSDuUDodOICd1cVCuVYbl5U7yX2aIc4hJ9AW2d8iMA\" frameborder=\"0\" scrolling=\"auto\" allowfullscreen style=\"display: block;margin-left: auto;margin-right: auto;max-width: 100%;\"><\/iframe>[\/et_pb_code][\/et_pb_column][\/et_pb_row][\/et_pb_section]<\/p>\n","protected":false},"excerpt":{"rendered":"<p>Mon blog Ce qui est int\u00e9ressant sur les th\u00e8mes de l&#8217;ayurveda, du yoga, des rhumatismes et de la sant\u00e9 (Bient\u00f4t tous les nouveaux articles en fran\u00e7ais)<\/p>\n","protected":false},"author":1,"featured_media":0,"parent":0,"menu_order":0,"comment_status":"closed","ping_status":"closed","template":"","meta":{"_et_pb_use_builder":"on","_et_pb_old_content":"","_et_gb_content_width":"","_sitemap_exclude":false,"_sitemap_priority":"","_sitemap_frequency":"","footnotes":""},"class_list":["post-1295","page","type-page","status-publish","hentry"],"yoast_head":"<!-- This site is optimized with the Yoast SEO plugin v27.5 - https:\/\/yoast.com\/product\/yoast-seo-wordpress\/ -->\n<title>Blog - Elke Lauffer<\/title>\n<meta name=\"description\" content=\"Wissenswertes rund um das Thema Ayurveda, Yoga, Rheuma und Gesundheit. Lass Dich inspirieren und profitiere von meiner Expertise!\" \/>\n<meta name=\"robots\" content=\"index, follow, max-snippet:-1, max-image-preview:large, max-video-preview:-1\" \/>\n<link rel=\"canonical\" href=\"https:\/\/elke-lauffer.com\/start\/blog\/\" \/>\n<meta property=\"og:locale\" content=\"de_DE\" \/>\n<meta property=\"og:type\" content=\"article\" \/>\n<meta property=\"og:title\" content=\"Blog - Elke Lauffer\" \/>\n<meta property=\"og:description\" content=\"Wissenswertes rund um das Thema Ayurveda, Yoga, Rheuma und Gesundheit. Lass Dich inspirieren und profitiere von meiner Expertise!\" \/>\n<meta property=\"og:url\" content=\"https:\/\/elke-lauffer.com\/start\/blog\/\" \/>\n<meta property=\"og:site_name\" content=\"Elke Lauffer\" \/>\n<meta property=\"article:modified_time\" content=\"2024-05-12T17:19:47+00:00\" \/>\n<meta name=\"twitter:card\" content=\"summary_large_image\" \/>\n<meta name=\"twitter:label1\" content=\"Gesch\u00e4tzte Lesezeit\" \/>\n\t<meta name=\"twitter:data1\" content=\"4\u00a0Minuten\" \/>\n<script type=\"application\/ld+json\" class=\"yoast-schema-graph\">{\"@context\":\"https:\\\/\\\/schema.org\",\"@graph\":[{\"@type\":\"WebPage\",\"@id\":\"https:\\\/\\\/elke-lauffer.com\\\/start\\\/blog\\\/\",\"url\":\"https:\\\/\\\/elke-lauffer.com\\\/start\\\/blog\\\/\",\"name\":\"Blog - Elke Lauffer\",\"isPartOf\":{\"@id\":\"https:\\\/\\\/elke-lauffer.com\\\/start\\\/#website\"},\"datePublished\":\"2022-12-10T13:24:26+00:00\",\"dateModified\":\"2024-05-12T17:19:47+00:00\",\"description\":\"Wissenswertes rund um das Thema Ayurveda, Yoga, Rheuma und Gesundheit. Lass Dich inspirieren und profitiere von meiner Expertise!\",\"breadcrumb\":{\"@id\":\"https:\\\/\\\/elke-lauffer.com\\\/start\\\/blog\\\/#breadcrumb\"},\"inLanguage\":\"de\",\"potentialAction\":[{\"@type\":\"ReadAction\",\"target\":[\"https:\\\/\\\/elke-lauffer.com\\\/start\\\/blog\\\/\"]}]},{\"@type\":\"BreadcrumbList\",\"@id\":\"https:\\\/\\\/elke-lauffer.com\\\/start\\\/blog\\\/#breadcrumb\",\"itemListElement\":[{\"@type\":\"ListItem\",\"position\":1,\"name\":\"Startseite\",\"item\":\"https:\\\/\\\/elke-lauffer.com\\\/start\\\/\"},{\"@type\":\"ListItem\",\"position\":2,\"name\":\"Blog\"}]},{\"@type\":\"WebSite\",\"@id\":\"https:\\\/\\\/elke-lauffer.com\\\/start\\\/#website\",\"url\":\"https:\\\/\\\/elke-lauffer.com\\\/start\\\/\",\"name\":\"Elke Lauffer\",\"description\":\"Yoga und Ayurveda\",\"potentialAction\":[{\"@type\":\"SearchAction\",\"target\":{\"@type\":\"EntryPoint\",\"urlTemplate\":\"https:\\\/\\\/elke-lauffer.com\\\/start\\\/?s={search_term_string}\"},\"query-input\":{\"@type\":\"PropertyValueSpecification\",\"valueRequired\":true,\"valueName\":\"search_term_string\"}}],\"inLanguage\":\"de\"}]}<\/script>\n<!-- \/ Yoast SEO plugin. -->","yoast_head_json":{"title":"Blog - Elke Lauffer","description":"Wissenswertes rund um das Thema Ayurveda, Yoga, Rheuma und Gesundheit. Lass Dich inspirieren und profitiere von meiner Expertise!","robots":{"index":"index","follow":"follow","max-snippet":"max-snippet:-1","max-image-preview":"max-image-preview:large","max-video-preview":"max-video-preview:-1"},"canonical":"https:\/\/elke-lauffer.com\/start\/blog\/","og_locale":"de_DE","og_type":"article","og_title":"Blog - Elke Lauffer","og_description":"Wissenswertes rund um das Thema Ayurveda, Yoga, Rheuma und Gesundheit. Lass Dich inspirieren und profitiere von meiner Expertise!","og_url":"https:\/\/elke-lauffer.com\/start\/blog\/","og_site_name":"Elke Lauffer","article_modified_time":"2024-05-12T17:19:47+00:00","twitter_card":"summary_large_image","twitter_misc":{"Gesch\u00e4tzte Lesezeit":"4\u00a0Minuten"},"schema":{"@context":"https:\/\/schema.org","@graph":[{"@type":"WebPage","@id":"https:\/\/elke-lauffer.com\/start\/blog\/","url":"https:\/\/elke-lauffer.com\/start\/blog\/","name":"Blog - Elke Lauffer","isPartOf":{"@id":"https:\/\/elke-lauffer.com\/start\/#website"},"datePublished":"2022-12-10T13:24:26+00:00","dateModified":"2024-05-12T17:19:47+00:00","description":"Wissenswertes rund um das Thema Ayurveda, Yoga, Rheuma und Gesundheit. Lass Dich inspirieren und profitiere von meiner Expertise!","breadcrumb":{"@id":"https:\/\/elke-lauffer.com\/start\/blog\/#breadcrumb"},"inLanguage":"de","potentialAction":[{"@type":"ReadAction","target":["https:\/\/elke-lauffer.com\/start\/blog\/"]}]},{"@type":"BreadcrumbList","@id":"https:\/\/elke-lauffer.com\/start\/blog\/#breadcrumb","itemListElement":[{"@type":"ListItem","position":1,"name":"Startseite","item":"https:\/\/elke-lauffer.com\/start\/"},{"@type":"ListItem","position":2,"name":"Blog"}]},{"@type":"WebSite","@id":"https:\/\/elke-lauffer.com\/start\/#website","url":"https:\/\/elke-lauffer.com\/start\/","name":"Elke Lauffer","description":"Yoga und Ayurveda","potentialAction":[{"@type":"SearchAction","target":{"@type":"EntryPoint","urlTemplate":"https:\/\/elke-lauffer.com\/start\/?s={search_term_string}"},"query-input":{"@type":"PropertyValueSpecification","valueRequired":true,"valueName":"search_term_string"}}],"inLanguage":"de"}]}},"_links":{"self":[{"href":"https:\/\/elke-lauffer.com\/start\/wp-json\/wp\/v2\/pages\/1295","targetHints":{"allow":["GET"]}}],"collection":[{"href":"https:\/\/elke-lauffer.com\/start\/wp-json\/wp\/v2\/pages"}],"about":[{"href":"https:\/\/elke-lauffer.com\/start\/wp-json\/wp\/v2\/types\/page"}],"author":[{"embeddable":true,"href":"https:\/\/elke-lauffer.com\/start\/wp-json\/wp\/v2\/users\/1"}],"replies":[{"embeddable":true,"href":"https:\/\/elke-lauffer.com\/start\/wp-json\/wp\/v2\/comments?post=1295"}],"version-history":[{"count":32,"href":"https:\/\/elke-lauffer.com\/start\/wp-json\/wp\/v2\/pages\/1295\/revisions"}],"predecessor-version":[{"id":2412,"href":"https:\/\/elke-lauffer.com\/start\/wp-json\/wp\/v2\/pages\/1295\/revisions\/2412"}],"wp:attachment":[{"href":"https:\/\/elke-lauffer.com\/start\/wp-json\/wp\/v2\/media?parent=1295"}],"curies":[{"name":"wp","href":"https:\/\/api.w.org\/{rel}","templated":true}]}}